{"id":15,"date":"2023-09-03T18:20:12","date_gmt":"2023-09-03T18:20:12","guid":{"rendered":"https:\/\/b2b.blueseven.com\/?page_id=15"},"modified":"2025-12-14T20:35:47","modified_gmt":"2025-12-14T20:35:47","slug":"home","status":"publish","type":"page","link":"https:\/\/b2b.blueseven.com\/de\/","title":{"rendered":"Home"},"content":{"rendered":"<h1>\n<h4 style=\"text-align: center;\">BUSINESS TO BUSINESS PORTAL<\/h4>\n<\/h1>\n<div>\n<p>    <img decoding=\"async\" src=\"\/wp-content\/uploads\/2024\/06\/square5.webp\" alt=\"\"><\/p>\n<h3>B2B AREA<\/h3>\n<div>\n<p><span>In dem passwortgesch\u00fctzten B2B-Bereich k\u00f6nnen Sie unser gesamtes Medienmaterial f\u00fcr die kommende und aktuelle Saison herunterladen.<\/span><\/p>\n<\/p>\n<\/div>\n<p><a href=\"https:\/\/b2b.blueseven.com\/de\/login\/\">Jetzt einloggen<\/a><\/p>\n<\/div>\n<div>\n<p>    <img decoding=\"async\" src=\"\/wp-content\/uploads\/2024\/06\/square5.webp\" alt=\"\"><\/p>\n<h3>B2B SHOP<\/h3>\n<div>\n<p><span>Im passwortgesch\u00fctzten Bereich des Onlineshops k\u00f6nnen Sie die aktuelle Kollektion f\u00fcr die n\u00e4chste Saison vorbestellen. Au\u00dferdem haben Sie die M\u00f6glichkeit, die Nachorder-Kollektion direkt ab Lager zu bestellen.<\/span><\/p>\n<\/div>\n<p><a href=\"https:\/\/b2b-shop.blueseven.com\">B2B SHOP<\/a><\/p>\n<\/div>\n<hr>\n<p>\n    <a href=\"https:\/\/b2b.blueseven.com\/de\/register\/\">Haben Sie sich bereits registriert?<\/a>\n<\/p>\n<hr>\n<p><!--more--><br \/>\n<!-- {\"type\":\"layout\",\"children\":[{\"type\":\"section\",\"props\":{\"image_position\":\"center-center\",\"padding\":\"xsmall\",\"style\":\"default\",\"title_breakpoint\":\"xl\",\"title_position\":\"top-left\",\"title_rotation\":\"left\",\"vertical_align\":\"\",\"width\":\"default\"},\"children\":[{\"type\":\"row\",\"children\":[{\"type\":\"column\",\"props\":{\"image_position\":\"center-center\",\"position_sticky_breakpoint\":\"m\"},\"children\":[{\"type\":\"headline\",\"props\":{\"content\":\"\n\n<h4 style=\\\"text-align: center;\\\">BUSINESS TO BUSINESS PORTAL<\\\/h4>\",\"title_element\":\"h1\"}}]}],\"props\":{\"margin\":\"small\",\"margin_remove_top\":true}}]},{\"type\":\"section\",\"props\":{\"height\":\"viewport\",\"height_offset_top\":true,\"image_position\":\"center-center\",\"image_size\":\"width-1-1\",\"padding\":\"xsmall\",\"padding_remove_bottom\":true,\"padding_remove_top\":true,\"style\":\"muted\",\"title_breakpoint\":\"xl\",\"title_position\":\"top-left\",\"title_rotation\":\"left\",\"vertical_align\":\"middle\",\"video\":\"wp-content\\\/uploads\\\/2025\\\/12\\\/home_aw26.mp4\",\"width\":\"\"},\"children\":[{\"type\":\"row\",\"children\":[{\"type\":\"column\",\"props\":{\"image_position\":\"center-center\",\"position_sticky_breakpoint\":\"m\"}}]},{\"type\":\"row\",\"children\":[{\"type\":\"column\",\"props\":{\"image_position\":\"center-center\",\"position_sticky_breakpoint\":\"m\",\"width_medium\":\"1-2\"},\"children\":[{\"name\":\"Gallery Hover Image\",\"type\":\"gallery\",\"children\":[{\"type\":\"gallery_item\",\"props\":{\"content\":\"\n\n<p><span>In the password-protected B2B area\\u00a0you can download all our media\\u00a0material for upcoming seasons.<\\\/span><\\\/p>\\n\n\n<p><\\\/p>\",\"hover_image\":\"\",\"image\":\"wp-content\\\/uploads\\\/2024\\\/06\\\/square5.webp\",\"link\":\"https:\\\/\\\/b2b.blueseven.com\\\/login\",\"link_text\":\"Access Now\",\"meta\":\"\",\"title\":\"B2B AREA\"}}],\"props\":{\"filter_align\":\"left\",\"filter_all\":true,\"filter_grid_breakpoint\":\"m\",\"filter_grid_width\":\"auto\",\"filter_position\":\"top\",\"filter_style\":\"tab\",\"grid_column_gap\":\"medium\",\"grid_default\":\"1\",\"grid_medium\":\"1\",\"grid_row_gap\":\"medium\",\"image_min_height\":\"490\",\"image_width\":\"900\",\"item_animation\":true,\"lightbox\":false,\"link_margin\":\"medium\",\"link_style\":\"primary\",\"link_text\":\"Read more\",\"margin\":\"default\",\"meta_align\":\"above-title\",\"meta_element\":\"div\",\"meta_style\":\"h5\",\"overlay_hover\":false,\"overlay_link\":true,\"overlay_maxwidth\":\"large\",\"overlay_mode\":\"cover\",\"overlay_position\":\"bottom-left\",\"overlay_style\":\"\",\"overlay_transition\":\"fade\",\"parallax_easing\":\"1\",\"show_content\":true,\"show_hover_image\":false,\"show_hover_video\":true,\"show_link\":true,\"show_meta\":true,\"show_title\":true,\"text_align\":\"left\",\"text_color\":\"light\",\"title_element\":\"h3\",\"title_hover_style\":\"reset\",\"title_style\":\"h2\"}}]},{\"type\":\"column\",\"props\":{\"image_position\":\"center-center\",\"position_sticky_breakpoint\":\"m\",\"width_medium\":\"1-2\"},\"children\":[{\"name\":\"Gallery Hover Image\",\"type\":\"gallery\",\"children\":[{\"type\":\"gallery_item\",\"props\":{\"content\":\"\n\n<p><span>In the password-protected onlineshop area, you can pre-order the current collection for the next season. Moreover, you have the opportunity to order the reorder-collection directly from stock.<\\\/span><\\\/p>\",\"hover_image\":\"\",\"image\":\"wp-content\\\/uploads\\\/2024\\\/06\\\/square5.webp\",\"link\":\"https:\\\/\\\/b2b-shop.blueseven.com\",\"link_text\":\"B2B SHOP\",\"meta\":\"\",\"title\":\"B2B SHOP\"}}],\"props\":{\"filter_align\":\"left\",\"filter_all\":true,\"filter_grid_breakpoint\":\"m\",\"filter_grid_width\":\"auto\",\"filter_position\":\"top\",\"filter_style\":\"tab\",\"grid_column_align\":false,\"grid_column_gap\":\"collapse\",\"grid_default\":\"auto\",\"grid_medium\":\"auto\",\"grid_row_gap\":\"collapse\",\"image_min_height\":\"490\",\"image_width\":\"900\",\"item_animation\":true,\"lightbox\":false,\"link_margin\":\"medium\",\"link_style\":\"primary\",\"link_text\":\"Read more\",\"margin\":\"default\",\"meta_align\":\"above-title\",\"meta_element\":\"div\",\"meta_style\":\"h5\",\"overlay_hover\":false,\"overlay_link\":true,\"overlay_maxwidth\":\"large\",\"overlay_mode\":\"cover\",\"overlay_position\":\"bottom-left\",\"overlay_style\":\"\",\"overlay_transition\":\"fade\",\"parallax_easing\":\"1\",\"show_content\":true,\"show_hover_image\":false,\"show_hover_video\":true,\"show_link\":true,\"show_meta\":true,\"show_title\":true,\"text_align\":\"left\",\"text_color\":\"light\",\"title_element\":\"h3\",\"title_hover_style\":\"reset\",\"title_style\":\"h2\"}}]}],\"props\":{\"layout\":\"1-2,1-2\"}},{\"type\":\"row\",\"children\":[{\"type\":\"column\",\"props\":{\"image_position\":\"center-center\",\"position_sticky_breakpoint\":\"m\"},\"children\":[{\"type\":\"divider\",\"props\":{\"divider_element\":\"hr\",\"divider_style\":\"icon\"}},{\"name\":\"Button Style Secondary\",\"type\":\"button\",\"children\":[{\"type\":\"button_item\",\"props\":{\"button_style\":\"secondary\",\"content\":\"You have not registered yet?\",\"icon_align\":\"left\",\"link\":\"https:\\\/\\\/b2b.blueseven.com\\\/register\\\/\"}}],\"props\":{\"grid_column_gap\":\"small\",\"grid_row_gap\":\"small\",\"margin\":\"default\",\"margin_remove_top\":false,\"text_align\":\"center\"}},{\"type\":\"divider\",\"props\":{\"divider_element\":\"hr\"}}]}]}]}],\"version\":\"4.4.8\"} --><\/p>","protected":false},"excerpt":{"rendered":"<p>BUSINESS TO BUSINESS PORTAL B2B AREA In the password-protected B2B area\u00a0you can download all our media\u00a0material for upcoming seasons. Access Now B2B SHOP In the password-protected onlineshop area, you can pre-order the current collection for the next season. Moreover, you have the opportunity to order the reorder-collection directly from stock. B2B SHOP You have not [&hellip;]<\/p>","protected":false},"author":1,"featured_media":0,"parent":0,"menu_order":0,"comment_status":"closed","ping_status":"closed","template":"","meta":{"pmpro_default_level":"","footnotes":""},"class_list":["post-15","page","type-page","status-publish","hentry","pmpro-has-access"],"_links":{"self":[{"href":"https:\/\/b2b.blueseven.com\/de\/wp-json\/wp\/v2\/pages\/15","targetHints":{"allow":["GET"]}}],"collection":[{"href":"https:\/\/b2b.blueseven.com\/de\/wp-json\/wp\/v2\/pages"}],"about":[{"href":"https:\/\/b2b.blueseven.com\/de\/wp-json\/wp\/v2\/types\/page"}],"author":[{"embeddable":true,"href":"https:\/\/b2b.blueseven.com\/de\/wp-json\/wp\/v2\/users\/1"}],"replies":[{"embeddable":true,"href":"https:\/\/b2b.blueseven.com\/de\/wp-json\/wp\/v2\/comments?post=15"}],"version-history":[{"count":37,"href":"https:\/\/b2b.blueseven.com\/de\/wp-json\/wp\/v2\/pages\/15\/revisions"}],"predecessor-version":[{"id":1958,"href":"https:\/\/b2b.blueseven.com\/de\/wp-json\/wp\/v2\/pages\/15\/revisions\/1958"}],"wp:attachment":[{"href":"https:\/\/b2b.blueseven.com\/de\/wp-json\/wp\/v2\/media?parent=15"}],"curies":[{"name":"wp","href":"https:\/\/api.w.org\/{rel}","templated":true}]}}