{"id":164,"date":"2023-09-03T22:38:08","date_gmt":"2023-09-03T22:38:08","guid":{"rendered":"https:\/\/b2b.blueseven.com\/?page_id=164"},"modified":"2024-06-11T20:51:09","modified_gmt":"2024-06-11T20:51:09","slug":"contact","status":"publish","type":"page","link":"https:\/\/b2b.blueseven.com\/de\/contact\/","title":{"rendered":"Kontakt"},"content":{"rendered":"<h1>Kontaktieren Sie uns:<\/h1>\n<blockquote>\n<p>Falls Sie Fragen zu Blue Seven haben, weitere Informationen ben\u00f6tigen oder Interesse daran haben, unsere Marke in Ihrem Gesch\u00e4ft zu vertreiben, z\u00f6gern Sie bitte nicht, sich mit uns in Verbindung zu setzen. Wir freuen uns auf Ihre Anfrage.<\/p>\n<\/blockquote>\n<p><img decoding=\"async\" src=\"\/wp-content\/uploads\/2024\/06\/contact_ss24-a6767960.webp\" alt=\"\"><\/p>\n<div>\n<div class=\"wpforms-container wpforms-container-full wpforms-render-modern\" id=\"wpforms-236\"><form id=\"wpforms-form-236\" class=\"wpforms-validate wpforms-form wpforms-ajax-form\" data-formid=\"236\" method=\"post\" enctype=\"multipart\/form-data\" action=\"\/de\/wp-json\/wp\/v2\/pages\/164\" data-token=\"46511422ea24fcbc3bb3f717ad4f58a9\" data-token-time=\"1775416775\" data-trp-original-action=\"\/de\/wp-json\/wp\/v2\/pages\/164\"><noscript class=\"wpforms-error-noscript\">Bitte aktiviere JavaScript in deinem Browser, um dieses Formular fertigzustellen.<\/noscript><div class=\"wpforms-hidden\" id=\"wpforms-error-noscript\">Bitte aktiviere JavaScript in deinem Browser, um dieses Formular fertigzustellen.<\/div><div class=\"wpforms-field-container\"><div id=\"wpforms-236-field_0-container\" class=\"wpforms-field wpforms-field-name\" data-field-id=\"0\"><fieldset><legend class=\"wpforms-field-label\">Name <span class=\"wpforms-required-label\" aria-hidden=\"true\">*<\/span><\/legend><div class=\"wpforms-field-row wpforms-field-medium\"><div class=\"wpforms-field-row-block wpforms-first wpforms-one-half\"><input type=\"text\" id=\"wpforms-236-field_0\" class=\"wpforms-field-name-first wpforms-field-required\" name=\"wpforms[fields][0][first]\" aria-errormessage=\"wpforms-236-field_0-error\" required><label for=\"wpforms-236-field_0\" class=\"wpforms-field-sublabel after\">Vorname<\/label><\/div><div class=\"wpforms-field-row-block wpforms-one-half\"><input type=\"text\" id=\"wpforms-236-field_0-last\" class=\"wpforms-field-name-last wpforms-field-required\" name=\"wpforms[fields][0][last]\" aria-errormessage=\"wpforms-236-field_0-last-error\" required><label for=\"wpforms-236-field_0-last\" class=\"wpforms-field-sublabel after\">Nachname<\/label><\/div><\/div><\/fieldset><\/div><div id=\"wpforms-236-field_1-container\" class=\"wpforms-field wpforms-field-email\" data-field-id=\"1\"><label class=\"wpforms-field-label\" for=\"wpforms-236-field_1\">Email <span class=\"wpforms-required-label\" aria-hidden=\"true\">*<\/span><\/label><input type=\"email\" id=\"wpforms-236-field_1\" class=\"wpforms-field-medium wpforms-field-required\" name=\"wpforms[fields][1]\" spellcheck=\"false\" aria-errormessage=\"wpforms-236-field_1-error\" required><\/div><div id=\"wpforms-236-field_2-container\" class=\"wpforms-field wpforms-field-textarea\" data-field-id=\"2\"><label class=\"wpforms-field-label\" for=\"wpforms-236-field_2\">Kommentar oder Nachricht<\/label><textarea id=\"wpforms-236-field_2\" class=\"wpforms-field-medium\" name=\"wpforms[fields][2]\" aria-errormessage=\"wpforms-236-field_2-error\" ><\/textarea><\/div><\/div><!-- .wpforms-field-container --><div class=\"wpforms-recaptcha-container wpforms-is-hcaptcha\" ><div class=\"g-recaptcha\" data-sitekey=\"eb94defe-35f8-45aa-9fcb-2c927364d41f\"><\/div><input type=\"text\" name=\"g-recaptcha-hidden\" class=\"wpforms-recaptcha-hidden\" style=\"position:absolute!important;clip:rect(0,0,0,0)!important;height:1px!important;width:1px!important;border:0!important;overflow:hidden!important;padding:0!important;margin:0!important;\" data-rule-hcaptcha=\"1\"><\/div><div class=\"wpforms-submit-container\" ><input type=\"hidden\" name=\"wpforms[id]\" value=\"236\"><input type=\"hidden\" name=\"page_title\" value=\"\"><input type=\"hidden\" name=\"page_url\" value=\"https:\/\/b2b.blueseven.com\/de\/wp-json\/wp\/v2\/pages\/164\"><button type=\"submit\" name=\"wpforms[submit]\" id=\"wpforms-submit-236\" class=\"wpforms-submit\" data-alt-text=\"Sending...\" data-submit-text=\"Submit\" aria-live=\"assertive\" value=\"wpforms-submit\">Absenden<\/button><img decoding=\"async\" src=\"https:\/\/b2b.blueseven.com\/wp-content\/plugins\/wpforms\/assets\/images\/submit-spin.svg\" class=\"wpforms-submit-spinner\" style=\"display: none;\" width=\"26\" height=\"26\" alt=\"Wird geladen\"><\/div><input type=\"hidden\" name=\"trp-form-language\" value=\"de\"\/><\/form><\/div>  <!-- .wpforms-container --><\/div>\n<p><!--more--><br \/>\n<!-- {\"type\":\"layout\",\"children\":[{\"type\":\"section\",\"props\":{\"image_position\":\"center-center\",\"style\":\"default\",\"title_breakpoint\":\"xl\",\"title_position\":\"top-left\",\"title_rotation\":\"left\",\"vertical_align\":\"middle\",\"width\":\"default\"},\"children\":[{\"type\":\"row\",\"children\":[{\"type\":\"column\",\"props\":{\"image_position\":\"center-center\",\"position_sticky_breakpoint\":\"m\"},\"children\":[{\"type\":\"headline\",\"props\":{\"content\":\"Contact us:\",\"title_element\":\"h1\"}},{\"type\":\"quotation\",\"props\":{\"content\":\"\n\n<p>If you have any questions about Blue Seven, need further information, or are interested in distributing our brand in your\\u00a0store, please do not hesitate to get in touch with us. We look forward to receiving your inquiry.<\\\/p>\"}}]}]},{\"type\":\"row\",\"props\":{\"layout\":\"1-2,1-2\"},\"children\":[{\"type\":\"column\",\"props\":{\"image_position\":\"center-center\",\"position_sticky_breakpoint\":\"m\",\"width_medium\":\"1-2\"},\"children\":[{\"type\":\"image\",\"props\":{\"image\":\"wp-content\\\/uploads\\\/2024\\\/06\\\/contact_ss24-a6767960.webp\",\"image_svg_color\":\"emphasis\",\"margin\":\"default\"}}]},{\"type\":\"column\",\"props\":{\"image_position\":\"center-center\",\"position_sticky_breakpoint\":\"m\",\"width_medium\":\"1-2\"},\"children\":[{\"type\":\"html\",\"props\":{\"content\":\"[wpforms id=\\\"236\\\" title=\\\"false\\\"]\"}}]}]}]}],\"version\":\"4.0.11\"} --><\/p>","protected":false},"excerpt":{"rendered":"<p>Contact us: If you have any questions about Blue Seven, need further information, or are interested in distributing our brand in your\u00a0store, please do not hesitate to get in touch with us. We look forward to receiving your inquiry.<\/p>","protected":false},"author":1,"featured_media":0,"parent":0,"menu_order":0,"comment_status":"closed","ping_status":"closed","template":"","meta":{"pmpro_default_level":"","footnotes":""},"class_list":["post-164","page","type-page","status-publish","hentry","pmpro-has-access"],"_links":{"self":[{"href":"https:\/\/b2b.blueseven.com\/de\/wp-json\/wp\/v2\/pages\/164","targetHints":{"allow":["GET"]}}],"collection":[{"href":"https:\/\/b2b.blueseven.com\/de\/wp-json\/wp\/v2\/pages"}],"about":[{"href":"https:\/\/b2b.blueseven.com\/de\/wp-json\/wp\/v2\/types\/page"}],"author":[{"embeddable":true,"href":"https:\/\/b2b.blueseven.com\/de\/wp-json\/wp\/v2\/users\/1"}],"replies":[{"embeddable":true,"href":"https:\/\/b2b.blueseven.com\/de\/wp-json\/wp\/v2\/comments?post=164"}],"version-history":[{"count":1,"href":"https:\/\/b2b.blueseven.com\/de\/wp-json\/wp\/v2\/pages\/164\/revisions"}],"predecessor-version":[{"id":1357,"href":"https:\/\/b2b.blueseven.com\/de\/wp-json\/wp\/v2\/pages\/164\/revisions\/1357"}],"wp:attachment":[{"href":"https:\/\/b2b.blueseven.com\/de\/wp-json\/wp\/v2\/media?parent=164"}],"curies":[{"name":"wp","href":"https:\/\/api.w.org\/{rel}","templated":true}]}}