{"id":1778,"date":"2024-07-02T23:45:56","date_gmt":"2024-07-02T23:45:56","guid":{"rendered":"https:\/\/b2b.blueseven.com\/?page_id=1778"},"modified":"2025-12-14T20:48:13","modified_gmt":"2025-12-14T20:48:13","slug":"copyrights","status":"publish","type":"page","link":"https:\/\/b2b.blueseven.com\/de\/copyrights\/","title":{"rendered":"COPYRIGHTS"},"content":{"rendered":"<h1>URHEBERRECHTE<\/h1>\n<div>\n<p><strong>BLUE SEVEN LOGO:\u00a0<\/strong><br \/>Die weltweiten Rechte am BLUE SEVEN Logo liegen bei der Firma H. Obermeyer GmbH &amp; Co. KG,\nOberstaufen. Nach Abstimmung mit uns k\u00f6nnen Sie das Logo f\u00fcr entsprechende Werbezwecke einsetzen.\nDie Genehmigung kann jederzeit von uns widerrufen werden.<\/p>\n<p><strong>BILDMATERIAL:<\/strong><br \/>Das von uns zur Verf\u00fcgung gestellte Foto\/Bildmaterial kann f\u00fcr allgemeine Werbeaktionen, Printmaterialien\n(ausgenommen Verpackungsmaterialien) sowie f\u00fcr Social Media und Web etc. verwendet werden und ist\nnur in Verbindung mit dem Namen BLUE SEVEN erlaubt. Das Bildmaterial muss mit dem BLUE SEVEN Logo\noder \u00a9 BLUE SEVEN gekennzeichnet sein. Anzeigen in jeglichen Magazinen und Tageszeitungen, etc. d\u00fcrfen\nnur nach R\u00fccksprache mit uns erfolgen.<\/p>\n<p><strong>FILMMATERIAL:\u00a0<\/strong><br \/>Die von uns zur Verf\u00fcgung gestellten Kampagnen-\/Making-of-Filme k\u00f6nnen am POS verwendet werden.\nInternet-\/TV-Werbung, etc. ist nur nach Absprache mit der Firma H. Obermeyer GmbH &amp; Co. KG,\nOberstaufen erlaubt!<\/p>\n<p>Das Recht zur Nutzung der beigef\u00fcgten Herbst\/Winter-2025-Bilder und -Videos endet am 31. Juli 2027. Die Herbst\/Winter-2026-Bilder und -Videos d\u00fcrfen daher nur f\u00fcr eine einzige Verkaufssaison genutzt werden. Jede Nutzung der Bilder und\/oder Videos \u00fcber diesen Zeitraum hinaus und\/oder jede unrechtm\u00e4\u00dfige Nutzung von Bildern\/Fotos\/Abbildungen\/Videos\/Logos kann zu erheblichen finanziellen Forderungen seitens des Fotografen, der abgebildeten Models und\/oder der H. Obermeyer GmbH &amp; Co. KG f\u00fchren. F\u00fcr eine unrechtm\u00e4\u00dfige Nutzung Ihrerseits \u00fcbernehmen wir keine Haftung.<\/p>\n<p>Das Recht zur Nutzung der beigef\u00fcgten Fr\u00fchling\/Sommer-2026-Bilder und -Videos endet am 31. Dezember 2026. Die Fr\u00fchling\/Sommer-2026-Bilder und -Videos d\u00fcrfen daher ausschlie\u00dflich f\u00fcr eine einzige Verkaufssaison genutzt werden. Jede Nutzung der Bilder und\/oder Videos \u00fcber diesen Zeitraum hinaus und\/oder jede unrechtm\u00e4\u00dfige Nutzung von Bildern\/Fotos\/Abbildungen\/Videos\/Logos kann zu erheblichen finanziellen Forderungen seitens des Fotografen, der abgebildeten Models und\/oder der H. Obermeyer GmbH &amp; Co. KG f\u00fchren. F\u00fcr eine unrechtm\u00e4\u00dfige Nutzung Ihrerseits \u00fcbernehmen wir keine Haftung.<\/p>\n<p>Die Bilder\/Videos k\u00f6nnen dementsprechend w\u00e4hrend einer Verkaufssaison genutzt werden. Verwenden Sie das Bildmaterial\/die Videos \u00fcber diesen Zeitraum hinaus, handeln Sie auf eigenes Risiko. Wir weisen\nausdr\u00fccklich darauf hin, dass die widerrechtliche Nutzung des Bildmaterials\/der Videos bei Entdeckung erhebliche finanzielle Honorar-Nachforderungen des Fotografen und der abgebildeten Models nach sich ziehen kann. F\u00fcr diese Forderungen \u00fcbernehmen wir keinerlei Haftung.\n\n<Br>Mit der Bestellung und Entgegennahme unseres Bildmaterials\/Videos, auch durch Dritte, unterwirft sich der Empf\u00e4nger\/Verwender ausdr\u00fccklich und ohne Einschr\u00e4nkung diesen Bedingungen.<\/p>\n<p>Sollten Sie noch Fragen haben, stehen Ihnen die Mitarbeiter unserer Verkaufsabteilung jederzeit gerne zur Verf\u00fcgung.<\/p>\n<p>Mit freundlichen Gr\u00fc\u00dfen<\/p>\n<p>Andreas Burger <br \/>Gesch\u00e4ftsf\u00fchrer<\/p>\n<\/p>\n<\/div>\n<p><!--more--><br \/>\n<!-- {\"type\":\"layout\",\"children\":[{\"type\":\"section\",\"props\":{\"image_position\":\"center-center\",\"style\":\"default\",\"title_breakpoint\":\"xl\",\"title_position\":\"top-left\",\"title_rotation\":\"left\",\"vertical_align\":\"\",\"width\":\"default\"},\"children\":[{\"type\":\"row\",\"children\":[{\"type\":\"column\",\"props\":{\"image_position\":\"center-center\",\"position_sticky_breakpoint\":\"m\"},\"children\":[{\"type\":\"headline\",\"props\":{\"content\":\"COPYRIGHTS &amp; USAGES\",\"title_element\":\"h1\"}},{\"type\":\"text\",\"props\":{\"column_breakpoint\":\"m\",\"content\":\"\n\n<p><strong>BLUE SEVEN Logo:\\u00a0<\\\/strong><br \\\/>The worldwide rights to the BLUE SEVEN logo are held by H. Obermeyer GmbH &amp; Co. KG, Oberstaufen, Germany. The logo may be used for appropriate promotion only with prior written consent from H. Obermeyer GmbH &amp; Co. KG. This consent may be revoked by us at any time.<\\\/p>\\n\n\n<p><strong>Imagery:<\\\/strong><br \\\/>The photo\\\/image material provided by us can be used for general promotion, print materials (excluding packaging materials), as well as on social media and websites or similar platforms, but only in conjunction with the name BLUE SEVEN. The imagery must be marked with the BLUE SEVEN logo or \\u00a9 BLUE SEVEN. Advertisements in any magazines, newspapers, etc., may only be made after consultation with us.<\\\/p>\\n\n\n<p><strong>Videos:\\u00a0<\\\/strong><br \\\/>The campaign\\\/making-of films provided by us can be used at the POS. Internet\\\/TV advertising, etc., is only allowed with prior written consent from H. Obermeyer GmbH &amp; Co. KG.<\\\/p>\\n\\n\n\n<p>The right to use the enclosed Autumn\\\/Winter 2025 images\\\/videos, expires on July 31st, 2027. The Autumn\\\/Winter 2026 images\\\/videos can thus be used for one selling season only. Any use of the images\\\/videos beyond this period and\\\/or any unlawful use of images\\\/photos\\\/pictures\\\/videos\\\/logo may result in significant financial claims by the photographer, featured models, and\\\/or H. Obermeyer GmbH &amp; Co. KG. We assume no liability for unlawful usage on your part.<\\\/p>\\n\n\n<p>The right to use the enclosed Spring\\\/Summer 2026 images\\\/videos, expires on December 31st, 2026. The Spring\\\/Summer 2026 images\\\/videos can thus be used for one selling season only. Any use of the images\\\/videos beyond this period and\\\/or any unlawful use of images\\\/photos\\\/pictures\\\/videos\\\/logo may result in significant financial claims by the photographer, featured models, and\\\/or H. Obermeyer GmbH &amp; Co. KG. We assume no liability for unlawful usage on your part.<\\\/p>\\n\n\n<p>By ordering and receiving our image material\\\/video, including through third parties, the recipient\\\/user expressly accepts without restriction the present terms and conditions.<\\\/p>\\n\n\n<p>If you have any questions, please contact us.<\\\/p>\\n\n\n<p>Sincerely yours,<\\\/p>\\n\n\n<p>Andreas Burger <br \\\/>Managing Director<\\\/p>\\n\n\n<p><\\\/p>\",\"margin\":\"default\"}}]}]}]}],\"version\":\"4.4.8\"} --><\/p>","protected":false},"excerpt":{"rendered":"<p>COPYRIGHTS &amp; USAGES BLUE SEVEN Logo:\u00a0The worldwide rights to the BLUE SEVEN logo are held by H. Obermeyer GmbH &amp; Co. KG, Oberstaufen, Germany. The logo may be used for appropriate promotion only with prior written consent from H. Obermeyer GmbH &amp; Co. KG. This consent may be revoked by us at any time. Imagery:The [&hellip;]<\/p>","protected":false},"author":1,"featured_media":0,"parent":0,"menu_order":0,"comment_status":"closed","ping_status":"closed","template":"","meta":{"pmpro_default_level":"","footnotes":""},"class_list":["post-1778","page","type-page","status-publish","hentry","pmpro-has-access"],"_links":{"self":[{"href":"https:\/\/b2b.blueseven.com\/de\/wp-json\/wp\/v2\/pages\/1778","targetHints":{"allow":["GET"]}}],"collection":[{"href":"https:\/\/b2b.blueseven.com\/de\/wp-json\/wp\/v2\/pages"}],"about":[{"href":"https:\/\/b2b.blueseven.com\/de\/wp-json\/wp\/v2\/types\/page"}],"author":[{"embeddable":true,"href":"https:\/\/b2b.blueseven.com\/de\/wp-json\/wp\/v2\/users\/1"}],"replies":[{"embeddable":true,"href":"https:\/\/b2b.blueseven.com\/de\/wp-json\/wp\/v2\/comments?post=1778"}],"version-history":[{"count":10,"href":"https:\/\/b2b.blueseven.com\/de\/wp-json\/wp\/v2\/pages\/1778\/revisions"}],"predecessor-version":[{"id":1963,"href":"https:\/\/b2b.blueseven.com\/de\/wp-json\/wp\/v2\/pages\/1778\/revisions\/1963"}],"wp:attachment":[{"href":"https:\/\/b2b.blueseven.com\/de\/wp-json\/wp\/v2\/media?parent=1778"}],"curies":[{"name":"wp","href":"https:\/\/api.w.org\/{rel}","templated":true}]}}